{"id":24359,"date":"2025-10-15T11:37:11","date_gmt":"2025-10-15T14:37:11","guid":{"rendered":"https:\/\/creativeprojects.com.br\/tvboxrecargas\/?post_type=product&#038;p=24359"},"modified":"2025-12-05T14:03:13","modified_gmt":"2025-12-05T17:03:13","slug":"ativacao-de-apps-streaming","status":"publish","type":"product","link":"https:\/\/creativeprojects.com.br\/tvboxrecargas\/produto\/ativacao-de-apps-streaming\/","title":{"rendered":"Ativa\u00e7\u00e3o de Apps Streaming"},"content":{"rendered":"<p>Somos uma empresa prestadora de servi\u00e7os e aqui voc\u00ea ir\u00e1 encontrar tal como: ativa\u00e7\u00f5es de aplicativos de m\u00eddias que s\u00e3o encontrados nas televis\u00f5es smart e android, nossa inten\u00e7\u00e3o \u00e9 em um site apenas ter a ativa\u00e7\u00e3o de todos os aplicativos assim unificando tudo em apenas um lugar deixando uma coisa mais simplificada;<\/p>\n","protected":false},"excerpt":{"rendered":"<p>Ativa\u00e7ao <strong>Anual<\/strong><\/p>\n<p><strong>INFORME O MAC DO APARELHO<\/strong><\/p>\n","protected":false},"featured_media":24677,"comment_status":"open","ping_status":"closed","template":"","meta":{"site-sidebar-layout":"default","site-content-layout":"","ast-site-content-layout":"default","site-content-style":"default","site-sidebar-style":"default","ast-global-header-display":"","ast-banner-title-visibility":"","ast-main-header-display":"","ast-hfb-above-header-display":"","ast-hfb-below-header-display":"","ast-hfb-mobile-header-display":"","site-post-title":"","ast-breadcrumbs-content":"","ast-featured-img":"","footer-sml-layout":"","ast-disable-related-posts":"","theme-transparent-header-meta":"default","adv-header-id-meta":"","stick-header-meta":"","header-above-stick-meta":"","header-main-stick-meta":"","header-below-stick-meta":"","astra-migrate-meta-layouts":"set","ast-page-background-enabled":"default","ast-page-background-meta":{"desktop":{"background-color":"","background-image":"","background-repeat":"repeat","background-position":"center center","background-size":"auto","background-attachment":"scroll","background-type":"","background-media":"","overlay-type":"","overlay-color":"","overlay-opacity":"","overlay-gradient":""},"tablet":{"background-color":"","background-image":"","background-repeat":"repeat","background-position":"center center","background-size":"auto","background-attachment":"scroll","background-type":"","background-media":"","overlay-type":"","overlay-color":"","overlay-opacity":"","overlay-gradient":""},"mobile":{"background-color":"","background-image":"","background-repeat":"repeat","background-position":"center center","background-size":"auto","background-attachment":"scroll","background-type":"","background-media":"","overlay-type":"","overlay-color":"","overlay-opacity":"","overlay-gradient":""}},"ast-content-background-meta":{"desktop":{"background-color":"var(--ast-global-color-5)","background-image":"","background-repeat":"repeat","background-position":"center center","background-size":"auto","background-attachment":"scroll","background-type":"","background-media":"","overlay-type":"","overlay-color":"","overlay-opacity":"","overlay-gradient":""},"tablet":{"background-color":"var(--ast-global-color-5)","background-image":"","background-repeat":"repeat","background-position":"center center","background-size":"auto","background-attachment":"scroll","background-type":"","background-media":"","overlay-type":"","overlay-color":"","overlay-opacity":"","overlay-gradient":""},"mobile":{"background-color":"var(--ast-global-color-5)","background-image":"","background-repeat":"repeat","background-position":"center center","background-size":"auto","background-attachment":"scroll","background-type":"","background-media":"","overlay-type":"","overlay-color":"","overlay-opacity":"","overlay-gradient":""}},"jetpack_publicize_message":"","jetpack_publicize_feature_enabled":true,"jetpack_social_post_already_shared":true,"jetpack_social_options":{"image_generator_settings":{"template":"highway","default_image_id":0,"font":"","enabled":false},"version":2}},"product_brand":[],"product_cat":[90,84],"product_tag":[83,79,78,81,82,80],"class_list":{"0":"post-24359","1":"product","2":"type-product","3":"status-publish","4":"has-post-thumbnail","6":"product_cat-ativacao-de-aplicativos","7":"product_cat-outros-aplicativos","8":"product_tag-bot-tv","9":"product_tag-cine-dual","10":"product_tag-cinetv","11":"product_tag-nossa-tv","12":"product_tag-onpix","13":"product_tag-vengatv","14":"desktop-align-center","15":"tablet-align-left","16":"mobile-align-left","18":"first","19":"instock","20":"taxable","21":"shipping-taxable","22":"purchasable","23":"product-type-variable"},"aioseo_notices":[],"jetpack_publicize_connections":[],"jetpack_sharing_enabled":true,"_links":{"self":[{"href":"https:\/\/creativeprojects.com.br\/tvboxrecargas\/wp-json\/wp\/v2\/product\/24359","targetHints":{"allow":["GET"]}}],"collection":[{"href":"https:\/\/creativeprojects.com.br\/tvboxrecargas\/wp-json\/wp\/v2\/product"}],"about":[{"href":"https:\/\/creativeprojects.com.br\/tvboxrecargas\/wp-json\/wp\/v2\/types\/product"}],"replies":[{"embeddable":true,"href":"https:\/\/creativeprojects.com.br\/tvboxrecargas\/wp-json\/wp\/v2\/comments?post=24359"}],"wp:featuredmedia":[{"embeddable":true,"href":"https:\/\/creativeprojects.com.br\/tvboxrecargas\/wp-json\/wp\/v2\/media\/24677"}],"wp:attachment":[{"href":"https:\/\/creativeprojects.com.br\/tvboxrecargas\/wp-json\/wp\/v2\/media?parent=24359"}],"wp:term":[{"taxonomy":"product_brand","embeddable":true,"href":"https:\/\/creativeprojects.com.br\/tvboxrecargas\/wp-json\/wp\/v2\/product_brand?post=24359"},{"taxonomy":"product_cat","embeddable":true,"href":"https:\/\/creativeprojects.com.br\/tvboxrecargas\/wp-json\/wp\/v2\/product_cat?post=24359"},{"taxonomy":"product_tag","embeddable":true,"href":"https:\/\/creativeprojects.com.br\/tvboxrecargas\/wp-json\/wp\/v2\/product_tag?post=24359"}],"curies":[{"name":"wp","href":"https:\/\/api.w.org\/{rel}","templated":true}]}}