{"id":1227,"date":"2021-08-04T12:22:08","date_gmt":"2021-08-04T15:22:08","guid":{"rendered":"https:\/\/creativeprojects.com.br\/tvboxrecargas\/?post_type=product&#038;p=1227"},"modified":"2025-12-05T13:59:56","modified_gmt":"2025-12-05T16:59:56","slug":"my-family-cinema-mensal-anual","status":"publish","type":"product","link":"https:\/\/creativeprojects.com.br\/tvboxrecargas\/produto\/my-family-cinema-mensal-anual\/","title":{"rendered":"Eppi Cinema agora \u00e9 BotoTV Anual"},"content":{"rendered":"<h3 class=\"title style-scope ytd-video-primary-info-renderer\" style=\"text-align: center;\">Como baixar o MFC atrav\u00e9s do navegador da minha TV Box?<\/h3>\n<p style=\"text-align: center;\"><iframe loading=\"lazy\" src=\"https:\/\/www.youtube-nocookie.com\/embed\/vjj_3qX96uI?controls=0\" width=\"560\" height=\"315\" frameborder=\"0\" allowfullscreen=\"allowfullscreen\"><\/iframe><\/p>\n<p>\u26d4\ufe0f Um dispositivo por vez, temos o IPTV com v\u00e1rias telas dispon\u00edvel (Entre em contato conosco)<br \/>\n\u274c N\u00e3o \u00e9 poss\u00edvel usar simultaneamente<br \/>\n\u2705\u00a0Para uso simult\u00e2neo (ao mesmo tempo) \u00e9 necess\u00e1rio ADQUIRIR UMA NOVA RECARGA e criar uma NOVA CONTA.<br \/>\n\ud83d\udc9a Compat\u00edvel somente com Android, caso queira para outro dispositivo entre em contato conosco<\/p>\n","protected":false},"excerpt":{"rendered":"<p>Recarga do\u00a0<strong>MY FAMILY CINEMA ANUAL<\/strong><\/p>\n<p>Melhor Pre\u00e7o e Entrega Garantida do Produto.<\/p>\n<p><strong>Envio Imediato<\/strong>\u00a0da Recarga.<\/p>\n","protected":false},"featured_media":24672,"comment_status":"open","ping_status":"closed","template":"","meta":{"site-sidebar-layout":"default","site-content-layout":"default","ast-site-content-layout":"default","site-content-style":"default","site-sidebar-style":"default","ast-global-header-display":"","ast-banner-title-visibility":"","ast-main-header-display":"","ast-hfb-above-header-display":"","ast-hfb-below-header-display":"","ast-hfb-mobile-header-display":"","site-post-title":"","ast-breadcrumbs-content":"","ast-featured-img":"","footer-sml-layout":"","ast-disable-related-posts":"","theme-transparent-header-meta":"default","adv-header-id-meta":"","stick-header-meta":"","header-above-stick-meta":"","header-main-stick-meta":"","header-below-stick-meta":"","astra-migrate-meta-layouts":"set","ast-page-background-enabled":"default","ast-page-background-meta":{"desktop":{"background-color":"","background-image":"","background-repeat":"repeat","background-position":"center center","background-size":"auto","background-attachment":"scroll","background-type":"","background-media":"","overlay-type":"","overlay-color":"","overlay-opacity":"","overlay-gradient":""},"tablet":{"background-color":"","background-image":"","background-repeat":"repeat","background-position":"center center","background-size":"auto","background-attachment":"scroll","background-type":"","background-media":"","overlay-type":"","overlay-color":"","overlay-opacity":"","overlay-gradient":""},"mobile":{"background-color":"","background-image":"","background-repeat":"repeat","background-position":"center center","background-size":"auto","background-attachment":"scroll","background-type":"","background-media":"","overlay-type":"","overlay-color":"","overlay-opacity":"","overlay-gradient":""}},"ast-content-background-meta":{"desktop":{"background-color":"var(--ast-global-color-5)","background-image":"","background-repeat":"repeat","background-position":"center center","background-size":"auto","background-attachment":"scroll","background-type":"","background-media":"","overlay-type":"","overlay-color":"","overlay-opacity":"","overlay-gradient":""},"tablet":{"background-color":"var(--ast-global-color-5)","background-image":"","background-repeat":"repeat","background-position":"center center","background-size":"auto","background-attachment":"scroll","background-type":"","background-media":"","overlay-type":"","overlay-color":"","overlay-opacity":"","overlay-gradient":""},"mobile":{"background-color":"var(--ast-global-color-5)","background-image":"","background-repeat":"repeat","background-position":"center center","background-size":"auto","background-attachment":"scroll","background-type":"","background-media":"","overlay-type":"","overlay-color":"","overlay-opacity":"","overlay-gradient":""}},"jetpack_publicize_message":"","jetpack_publicize_feature_enabled":true,"jetpack_social_post_already_shared":false,"jetpack_social_options":{"image_generator_settings":{"template":"highway","default_image_id":0,"font":"","enabled":false},"version":2}},"product_brand":[],"product_cat":[50],"product_tag":[86,35],"class_list":{"0":"post-1227","1":"product","2":"type-product","3":"status-publish","4":"has-post-thumbnail","6":"product_cat-anual","7":"product_tag-eppi-cinema","8":"product_tag-my-family-cinema","9":"desktop-align-center","10":"tablet-align-left","11":"mobile-align-left","13":"first","14":"instock","15":"sale","16":"virtual","17":"sold-individually","18":"taxable","19":"purchasable","20":"product-type-simple"},"aioseo_notices":[],"jetpack_publicize_connections":[],"jetpack_sharing_enabled":true,"_links":{"self":[{"href":"https:\/\/creativeprojects.com.br\/tvboxrecargas\/wp-json\/wp\/v2\/product\/1227","targetHints":{"allow":["GET"]}}],"collection":[{"href":"https:\/\/creativeprojects.com.br\/tvboxrecargas\/wp-json\/wp\/v2\/product"}],"about":[{"href":"https:\/\/creativeprojects.com.br\/tvboxrecargas\/wp-json\/wp\/v2\/types\/product"}],"replies":[{"embeddable":true,"href":"https:\/\/creativeprojects.com.br\/tvboxrecargas\/wp-json\/wp\/v2\/comments?post=1227"}],"wp:featuredmedia":[{"embeddable":true,"href":"https:\/\/creativeprojects.com.br\/tvboxrecargas\/wp-json\/wp\/v2\/media\/24672"}],"wp:attachment":[{"href":"https:\/\/creativeprojects.com.br\/tvboxrecargas\/wp-json\/wp\/v2\/media?parent=1227"}],"wp:term":[{"taxonomy":"product_brand","embeddable":true,"href":"https:\/\/creativeprojects.com.br\/tvboxrecargas\/wp-json\/wp\/v2\/product_brand?post=1227"},{"taxonomy":"product_cat","embeddable":true,"href":"https:\/\/creativeprojects.com.br\/tvboxrecargas\/wp-json\/wp\/v2\/product_cat?post=1227"},{"taxonomy":"product_tag","embeddable":true,"href":"https:\/\/creativeprojects.com.br\/tvboxrecargas\/wp-json\/wp\/v2\/product_tag?post=1227"}],"curies":[{"name":"wp","href":"https:\/\/api.w.org\/{rel}","templated":true}]}}